{"id":3190,"date":"2025-10-14T09:19:12","date_gmt":"2025-10-14T09:19:12","guid":{"rendered":"https:\/\/oktava.lt\/?page_id=3190"},"modified":"2026-01-05T16:52:11","modified_gmt":"2026-01-05T16:52:11","slug":"parduotuve","status":"publish","type":"page","link":"https:\/\/oktava.lt\/en\/parduotuve\/","title":{"rendered":"Shop"},"content":{"rendered":"<style>.elementor-3190 .elementor-element.elementor-element-3f6f98e{--display:flex;--min-height:0px;--flex-direction:row;--container-widget-width:initial;--container-widget-height:100%;--container-widget-flex-grow:1;--container-widget-align-self:stretch;--flex-wrap-mobile:wrap;--gap:0px 0px;--row-gap:0px;--column-gap:0px;--overlay-opacity:0.54;--margin-top:0px;--margin-bottom:0px;--margin-left:0px;--margin-right:0px;--padding-top:270px;--padding-bottom:150px;--padding-left:0px;--padding-right:0px;}.elementor-3190 .elementor-element.elementor-element-3f6f98e:not(.elementor-motion-effects-element-type-background), .elementor-3190 .elementor-element.elementor-element-3f6f98e > .elementor-motion-effects-container > .elementor-motion-effects-layer{background-color:var( --e-global-color-text );background-image:url(\"https:\/\/oktava.lt\/wp-content\/uploads\/2025\/02\/DSC07413.jpg\");background-repeat:no-repeat;background-size:100% auto;}.elementor-3190 .elementor-element.elementor-element-3f6f98e::before, .elementor-3190 .elementor-element.elementor-element-3f6f98e > .elementor-background-video-container::before, .elementor-3190 .elementor-element.elementor-element-3f6f98e > .e-con-inner > .elementor-background-video-container::before, .elementor-3190 .elementor-element.elementor-element-3f6f98e > .elementor-background-slideshow::before, .elementor-3190 .elementor-element.elementor-element-3f6f98e > .e-con-inner > .elementor-background-slideshow::before, .elementor-3190 .elementor-element.elementor-element-3f6f98e > .elementor-motion-effects-container > .elementor-motion-effects-layer::before{background-color:transparent;--background-overlay:'';background-image:linear-gradient(148deg, #AAAAAA 15%, #6B479D 35%);}.elementor-3190 .elementor-element.elementor-element-f79ffdd{--display:flex;--min-height:164px;--flex-direction:column;--container-widget-width:100%;--container-widget-height:initial;--container-widget-flex-grow:0;--container-widget-align-self:initial;--flex-wrap-mobile:wrap;--gap:0px 0px;--row-gap:0px;--column-gap:0px;--padding-top:0px;--padding-bottom:0px;--padding-left:0px;--padding-right:0px;}.elementor-3190 .elementor-element.elementor-element-f79ffdd.e-con{--flex-grow:0;--flex-shrink:0;}.elementor-3190 .elementor-element.elementor-element-5c27abe > .elementor-widget-container{margin:0px 0px 0px 0px;padding:0px 0px 0px 0px;}.elementor-3190 .elementor-element.elementor-element-5c27abe{text-align:left;}.elementor-3190 .elementor-element.elementor-element-5c27abe .elementor-heading-title{font-family:\"Abhaya Libre\", Sans-serif;font-size:80px;line-height:1em;color:#FFFFFF;}.elementor-3190 .elementor-element.elementor-element-9ea7581{width:var( --container-widget-width, 100% );max-width:100%;--container-widget-width:100%;--container-widget-flex-grow:0;column-gap:65px;text-align:left;font-family:\"Montserrat\", Sans-serif;font-size:17px;color:#FFFFFF;}.elementor-3190 .elementor-element.elementor-element-9ea7581 > .elementor-widget-container{margin:0px 0px 0px 5px;}.elementor-3190 .elementor-element.elementor-element-9ea7581.elementor-element{--align-self:flex-start;}.elementor-3190 .elementor-element.elementor-element-687732e{--display:flex;--margin-top:40px;--margin-bottom:60px;--margin-left:0px;--margin-right:0px;}.elementor-3190 .elementor-element.elementor-element-4ed92da.elementor-wc-products  ul.products{grid-column-gap:100px;grid-row-gap:50px;}.elementor-3190 .elementor-element.elementor-element-4ed92da.elementor-wc-products .attachment-woocommerce_thumbnail{border-style:none;margin-bottom:0px;}.elementor-3190 .elementor-element.elementor-element-4ed92da.elementor-wc-products ul.products li.product .woocommerce-loop-product__title{margin-bottom:0px;}.elementor-3190 .elementor-element.elementor-element-4ed92da.elementor-wc-products ul.products li.product .woocommerce-loop-category__title{margin-bottom:0px;}.elementor-3190 .elementor-element.elementor-element-4ed92da.elementor-wc-products ul.products li.product .star-rating{font-size:0.1em;margin-bottom:0px;}.elementor-3190 .elementor-element.elementor-element-4ed92da.elementor-wc-products ul.products li.product .button{margin-top:13px;}.elementor-3190 .elementor-element.elementor-element-4ed92da.elementor-wc-products .added_to_cart{margin-inline-start:0px;}@media(max-width:1024px){.elementor-3190 .elementor-element.elementor-element-3f6f98e{--margin-top:0px;--margin-bottom:70px;--margin-left:0px;--margin-right:0px;--padding-top:200px;--padding-bottom:140px;--padding-left:0px;--padding-right:0px;}.elementor-3190 .elementor-element.elementor-element-5c27abe .elementor-heading-title{font-size:40px;}.elementor-3190 .elementor-element.elementor-element-4ed92da.elementor-wc-products  ul.products{grid-column-gap:20px;grid-row-gap:40px;}}@media(max-width:767px){.elementor-3190 .elementor-element.elementor-element-3f6f98e{--padding-top:170px;--padding-bottom:100px;--padding-left:0px;--padding-right:0px;}.elementor-3190 .elementor-element.elementor-element-5c27abe{text-align:left;}.elementor-3190 .elementor-element.elementor-element-5c27abe .elementor-heading-title{font-size:30px;}.elementor-3190 .elementor-element.elementor-element-9ea7581 > .elementor-widget-container{margin:0px 0px 0px 0px;}.elementor-3190 .elementor-element.elementor-element-4ed92da.elementor-wc-products  ul.products{grid-column-gap:20px;grid-row-gap:40px;}}@media(min-width:768px){.elementor-3190 .elementor-element.elementor-element-3f6f98e{--content-width:887px;}.elementor-3190 .elementor-element.elementor-element-f79ffdd{--width:71%;}}@media(max-width:1024px) and (min-width:768px){.elementor-3190 .elementor-element.elementor-element-f79ffdd{--width:75%;}}<\/style>\t\t<div data-elementor-type=\"wp-page\" data-elementor-id=\"3190\" class=\"elementor elementor-3190\" data-elementor-post-type=\"page\">\n\t\t\t\t<div class=\"elementor-element elementor-element-3f6f98e e-flex e-con-boxed e-con e-parent\" data-id=\"3f6f98e\" data-element_type=\"container\" data-settings=\"{&quot;background_background&quot;:&quot;classic&quot;}\">\n\t\t\t\t\t<div class=\"e-con-inner\">\n\t\t<div class=\"elementor-element elementor-element-f79ffdd e-con-full e-flex e-con e-child\" data-id=\"f79ffdd\" data-element_type=\"container\">\n\t\t\t\t<div class=\"elementor-element elementor-element-5c27abe elementor-widget elementor-widget-heading\" data-id=\"5c27abe\" data-element_type=\"widget\" data-widget_type=\"heading.default\">\n\t\t\t\t<div class=\"elementor-widget-container\">\n\t\t\t\t\t<h2 class=\"elementor-heading-title elementor-size-default\">Shop<\/h2>\t\t\t\t<\/div>\n\t\t\t\t<\/div>\n\t\t\t\t<div class=\"elementor-element elementor-element-9ea7581 elementor-widget__width-initial elementor-widget elementor-widget-text-editor\" data-id=\"9ea7581\" data-element_type=\"widget\" data-widget_type=\"text-editor.default\">\n\t\t\t\t<div class=\"elementor-widget-container\">\n\t\t\t\t\t\t\t\t\t<p>From inner transformation to courageous action in everyday life, Oktava offers carefully designed programmes and trainings to help you get to know yourself better and cross the threshold of change. Each offering here is a structured guided journey: from the first spark of insight to the integration that makes change not only inspiring, but also actually working in your life.<\/p>\t\t\t\t\t\t\t\t<\/div>\n\t\t\t\t<\/div>\n\t\t\t\t<\/div>\n\t\t\t\t\t<\/div>\n\t\t\t\t<\/div>\n\t\t<div class=\"elementor-element elementor-element-687732e e-flex e-con-boxed e-con e-parent\" data-id=\"687732e\" data-element_type=\"container\">\n\t\t\t\t\t<div class=\"e-con-inner\">\n\t\t\t\t<div class=\"elementor-element elementor-element-4ed92da elementor-grid-4 elementor-grid-tablet-3 elementor-grid-mobile-2 elementor-products-grid elementor-wc-products elementor-widget elementor-widget-woocommerce-products\" data-id=\"4ed92da\" data-element_type=\"widget\" data-widget_type=\"woocommerce-products.default\">\n\t\t\t\t<div class=\"elementor-widget-container\">\n\t\t\t\t\t<div class=\"woocommerce columns-4\"><ul class=\"products elementor-grid columns-4\" data-products=\"type-1\">\n<li class=\"product type-product post-3086 status-publish first instock product_cat-parduotuve has-post-thumbnail downloadable shipping-taxable purchasable product-type-simple\">\n\t<a href=\"https:\/\/oktava.lt\/en\/product\/taro-archetipai-nuo-pradedanciojo-iki-meistro_-1-modulis\/\" class=\"woocommerce-LoopProduct-link woocommerce-loop-product__link\"><img fetchpriority=\"high\" decoding=\"async\" width=\"300\" height=\"300\" src=\"https:\/\/oktava.lt\/wp-content\/uploads\/2025\/07\/Maroon-Woman-Face-Logo-Design-Branding-Identity-for-Tarot-Card-Reader-300x300.png\" class=\"attachment-woocommerce_thumbnail size-woocommerce_thumbnail\" alt=\"KVAILYS | MAGAS | J\u0116GA | T\u016aZAI Oktava Institute paskait\u0173 rinkinys\" srcset=\"https:\/\/oktava.lt\/wp-content\/uploads\/2025\/07\/Maroon-Woman-Face-Logo-Design-Branding-Identity-for-Tarot-Card-Reader-300x300.png 300w, https:\/\/oktava.lt\/wp-content\/uploads\/2025\/07\/Maroon-Woman-Face-Logo-Design-Branding-Identity-for-Tarot-Card-Reader-150x150.png 150w, https:\/\/oktava.lt\/wp-content\/uploads\/2025\/07\/Maroon-Woman-Face-Logo-Design-Branding-Identity-for-Tarot-Card-Reader-12x12.png 12w, https:\/\/oktava.lt\/wp-content\/uploads\/2025\/07\/Maroon-Woman-Face-Logo-Design-Branding-Identity-for-Tarot-Card-Reader-100x100.png 100w, https:\/\/oktava.lt\/wp-content\/uploads\/2025\/07\/Maroon-Woman-Face-Logo-Design-Branding-Identity-for-Tarot-Card-Reader.png 500w\" sizes=\"(max-width: 300px) 100vw, 300px\" \/><h2 class=\"woocommerce-loop-product__title\">FOLK | MAGIC | POWER | FORCE | IMAGES Oktava Institute lecture collection<\/h2>\n\t<span class=\"price\"><span class=\"woocommerce-Price-amount amount\"><bdi>88,00&nbsp;<span class=\"woocommerce-Price-currencySymbol\">\u20ac<\/span><\/bdi><\/span><\/span>\n<\/a><a href=\"\/en\/wp-json\/wp\/v2\/pages\/3190?add-to-cart=3086\" aria-describedby=\"woocommerce_loop_add_to_cart_link_describedby_3086\" data-quantity=\"1\" class=\"button product_type_simple add_to_cart_button ajax_add_to_cart\" data-product_id=\"3086\" data-product_sku=\"\" aria-label=\"Add to basket: \u201cKVAILYS | MAGAS | J\u0116GA | T\u016aZAI Oktava Institute paskait\u0173 rinkinys\u201d\" rel=\"nofollow\" data-success_message=\"\u201cKVAILYS | MAGAS | J\u0116GA | T\u016aZAI Oktava Institute paskait\u0173 rinkinys\u201d has been added to your cart\" data-no-translation=\"\" data-trp-gettext=\"\" data-no-translation-aria-label=\"\" data-no-translation-data-success_message=\"\">Register<\/a>\t<span id=\"woocommerce_loop_add_to_cart_link_describedby_3086\" class=\"screen-reader-text\">\n\t\t\t<\/span>\n<\/li>\n<li class=\"product type-product post-3208 status-publish instock product_cat-parduotuve has-post-thumbnail shipping-taxable purchasable product-type-simple\">\n\t<a href=\"https:\/\/oktava.lt\/en\/product\/vienkartinis-prisijungimas-prie-taro-archetipu-kodai-kurso-pamokos\/\" class=\"woocommerce-LoopProduct-link woocommerce-loop-product__link\"><img decoding=\"async\" width=\"300\" height=\"300\" src=\"https:\/\/oktava.lt\/wp-content\/uploads\/2025\/02\/2-4-300x300.jpg\" class=\"attachment-woocommerce_thumbnail size-woocommerce_thumbnail\" alt=\"TARO ARCHETIP\u0172 KODAI Vienkartinis prisijungimas prie kurso pamokos\" srcset=\"https:\/\/oktava.lt\/wp-content\/uploads\/2025\/02\/2-4-300x300.jpg 300w, https:\/\/oktava.lt\/wp-content\/uploads\/2025\/02\/2-4-150x150.jpg 150w, https:\/\/oktava.lt\/wp-content\/uploads\/2025\/02\/2-4-12x12.jpg 12w, https:\/\/oktava.lt\/wp-content\/uploads\/2025\/02\/2-4-100x100.jpg 100w, https:\/\/oktava.lt\/wp-content\/uploads\/2025\/02\/2-4.jpg 500w\" sizes=\"(max-width: 300px) 100vw, 300px\" \/><h2 class=\"woocommerce-loop-product__title\">TARO ARCHETIPES CODES One-time access to the course lesson<\/h2>\n\t<span class=\"price\"><span class=\"woocommerce-Price-amount amount\"><bdi>33,00&nbsp;<span class=\"woocommerce-Price-currencySymbol\">\u20ac<\/span><\/bdi><\/span><\/span>\n<\/a><a href=\"\/en\/wp-json\/wp\/v2\/pages\/3190?add-to-cart=3208\" aria-describedby=\"woocommerce_loop_add_to_cart_link_describedby_3208\" data-quantity=\"1\" class=\"button product_type_simple add_to_cart_button ajax_add_to_cart\" data-product_id=\"3208\" data-product_sku=\"\" aria-label=\"Add to basket: \u201cTARO ARCHETIP\u0172 KODAI Vienkartinis prisijungimas prie kurso pamokos\u201d\" rel=\"nofollow\" data-success_message=\"\u201cTARO ARCHETIP\u0172 KODAI Vienkartinis prisijungimas prie kurso pamokos\u201d has been added to your cart\" data-no-translation=\"\" data-trp-gettext=\"\" data-no-translation-aria-label=\"\" data-no-translation-data-success_message=\"\">Register<\/a>\t<span id=\"woocommerce_loop_add_to_cart_link_describedby_3208\" class=\"screen-reader-text\">\n\t\t\t<\/span>\n<\/li>\n<li class=\"product type-product post-3273 status-publish instock product_cat-parduotuve has-post-thumbnail downloadable shipping-taxable purchasable product-type-simple\">\n\t<a href=\"https:\/\/oktava.lt\/en\/product\/energiju-rastingumas-kodel-archetipai-veikia\/\" class=\"woocommerce-LoopProduct-link woocommerce-loop-product__link\"><img decoding=\"async\" width=\"300\" height=\"300\" src=\"https:\/\/oktava.lt\/wp-content\/uploads\/2026\/01\/Kas-valdo-tavo-sprendimus-\u2013-tu-ar-tavo-pasamones-archetipai-Pazink-savo-energiju-struktura-be-mistikos.-Rinkinyje-Gilaus-pazinimo-testas-Energiju-paruostukas-Video-paskaita.-Stationery-A4-1-300x300.png\" class=\"attachment-woocommerce_thumbnail size-woocommerce_thumbnail\" alt=\"Energij\u0173 ra\u0161tingumas: Taro archetipai kaip psichologinis veidrodis\" srcset=\"https:\/\/oktava.lt\/wp-content\/uploads\/2026\/01\/Kas-valdo-tavo-sprendimus-\u2013-tu-ar-tavo-pasamones-archetipai-Pazink-savo-energiju-struktura-be-mistikos.-Rinkinyje-Gilaus-pazinimo-testas-Energiju-paruostukas-Video-paskaita.-Stationery-A4-1-300x300.png 300w, https:\/\/oktava.lt\/wp-content\/uploads\/2026\/01\/Kas-valdo-tavo-sprendimus-\u2013-tu-ar-tavo-pasamones-archetipai-Pazink-savo-energiju-struktura-be-mistikos.-Rinkinyje-Gilaus-pazinimo-testas-Energiju-paruostukas-Video-paskaita.-Stationery-A4-1-150x150.png 150w, https:\/\/oktava.lt\/wp-content\/uploads\/2026\/01\/Kas-valdo-tavo-sprendimus-\u2013-tu-ar-tavo-pasamones-archetipai-Pazink-savo-energiju-struktura-be-mistikos.-Rinkinyje-Gilaus-pazinimo-testas-Energiju-paruostukas-Video-paskaita.-Stationery-A4-1-100x100.png 100w\" sizes=\"(max-width: 300px) 100vw, 300px\" \/><h2 class=\"woocommerce-loop-product__title\">Energy Literacy: Tarot Archetypes as a Psychological Mirror<\/h2>\n\t<span class=\"price\"><span class=\"woocommerce-Price-amount amount\"><bdi>19,00&nbsp;<span class=\"woocommerce-Price-currencySymbol\">\u20ac<\/span><\/bdi><\/span><\/span>\n<\/a><a href=\"\/en\/wp-json\/wp\/v2\/pages\/3190?add-to-cart=3273\" aria-describedby=\"woocommerce_loop_add_to_cart_link_describedby_3273\" data-quantity=\"1\" class=\"button product_type_simple add_to_cart_button ajax_add_to_cart\" data-product_id=\"3273\" data-product_sku=\"\" aria-label=\"Add to basket: \u201cEnergij\u0173 ra\u0161tingumas: Taro archetipai kaip psichologinis veidrodis\u201d\" rel=\"nofollow\" data-success_message=\"\u201cEnergij\u0173 ra\u0161tingumas: Taro archetipai kaip psichologinis veidrodis\u201d has been added to your cart\" data-no-translation=\"\" data-trp-gettext=\"\" data-no-translation-aria-label=\"\" data-no-translation-data-success_message=\"\">Register<\/a>\t<span id=\"woocommerce_loop_add_to_cart_link_describedby_3273\" class=\"screen-reader-text\">\n\t\t\t<\/span>\n<\/li>\n<\/ul>\n<\/div>\t\t\t\t<\/div>\n\t\t\t\t<\/div>\n\t\t\t\t\t<\/div>\n\t\t\t\t<\/div>\n\t\t\t\t<\/div>","protected":false},"excerpt":{"rendered":"<p>Parduotuv\u0117 Oktava parduotuv\u0117je rasi kruop\u0161\u010diai sukurtas programas ir mokymus,\u00a0 padedan\u010diaus geriau pa\u017einti save ir\u00a0 pereiti poky\u010di\u0173 slenkst\u012f \u2013 nuo vidin\u0117s transformacijos iki dr\u0105si\u0173 veiksm\u0173 kasdienyb\u0117je. Kiekvienas pasi\u016blymas \u010dia \u2013 tai strukt\u016bruota kelion\u0117 su gidu: nuo pirmo \u012f\u017evalgos kibirk\u0161ties iki integracijos, kad pokytis b\u016bt\u0173 ne tik \u012fkvepiantis, bet ir realiai veikiantis tavo gyvenime.<\/p>","protected":false},"author":1,"featured_media":0,"parent":0,"menu_order":0,"comment_status":"closed","ping_status":"closed","template":"","meta":{"footnotes":""},"class_list":["post-3190","page","type-page","status-publish","hentry"],"blocksy_meta":{"page_title_panel":"","has_hero_section":"disabled","24a716533436107933a52363f5ab8f7e":"","hero_section":"type-1","hero_elements":[{"id":"custom_title","enabled":true,"heading_tag":"h1","title":"Home"},{"id":"custom_description","enabled":true,"description_visibility":{"desktop":true,"tablet":true,"mobile":false}},{"id":"custom_meta","enabled":false,"meta_elements":[{"id":"author","enabled":true,"label":"By","has_author_avatar":"yes","avatar_size":25},{"id":"post_date","enabled":true,"label":"On","date_format_source":"default","date_format":"M j, Y"},{"id":"updated_date","enabled":false,"label":"On","date_format_source":"default","date_format":"M j, Y"},{"id":"categories","enabled":false,"label":"In","style":"simple"},{"id":"comments","enabled":true}],"page_meta_elements":{"joined":true,"articles_count":true,"comments":true}},{"id":"breadcrumbs","enabled":false}],"6ffd2d564cf7a86fa37232a3f7cf19a3":"","hero_alignment1":"CT_CSS_SKIP_RULE","hero_margin":40,"hero_alignment2":"center","hero_vertical_alignment":"center","3aca50897909981e61e36bfa22b0d995":"","hero_structure":"narrow","41bf9b501568498c842f1e2e55fa051a":"","page_title_bg_type":"featured_image","custom_hero_background":{"attachment_id":null},"page_title_image_size":"full","parallax":{"desktop":false,"tablet":false,"mobile":false},"26c4c92295fdc3dff318d145205ecb1b":"","hero_height":"250px","pageTitleFont":{"family":"Default","variation":"Default","size":"30px","line-height":"CT_CSS_SKIP_RULE","letter-spacing":"CT_CSS_SKIP_RULE","text-transform":"CT_CSS_SKIP_RULE","text-decoration":"CT_CSS_SKIP_RULE"},"pageTitleFontColor":{"default":{"color":"CT_CSS_SKIP_RULEDEFAULT"}},"pageMetaFont":{"family":"Default","variation":"n6","size":"12px","line-height":"1.3","letter-spacing":"CT_CSS_SKIP_RULE","text-transform":"uppercase","text-decoration":"CT_CSS_SKIP_RULE"},"pageMetaFontColor":{"default":{"color":"CT_CSS_SKIP_RULEDEFAULT"},"hover":{"color":"CT_CSS_SKIP_RULEDEFAULT"}},"page_meta_button_type_font_colors":{"default":{"color":"CT_CSS_SKIP_RULEDEFAULT"},"hover":{"color":"CT_CSS_SKIP_RULEDEFAULT"}},"page_meta_button_type_background_colors":{"default":{"color":"CT_CSS_SKIP_RULEDEFAULT"},"hover":{"color":"CT_CSS_SKIP_RULEDEFAULT"}},"pageExcerptFont":{"family":"Default","variation":"Default","size":"CT_CSS_SKIP_RULE","line-height":"CT_CSS_SKIP_RULE","letter-spacing":"CT_CSS_SKIP_RULE","text-transform":"CT_CSS_SKIP_RULE","text-decoration":"CT_CSS_SKIP_RULE"},"pageExcerptColor":{"default":{"color":"CT_CSS_SKIP_RULEDEFAULT"}},"breadcrumbsFont":{"family":"Default","variation":"Default","size":"CT_CSS_SKIP_RULE","line-height":"CT_CSS_SKIP_RULE","letter-spacing":"CT_CSS_SKIP_RULE","text-transform":"CT_CSS_SKIP_RULE","text-decoration":"CT_CSS_SKIP_RULE"},"breadcrumbsFontColor":{"default":{"color":"CT_CSS_SKIP_RULEDEFAULT"},"initial":{"color":"CT_CSS_SKIP_RULEDEFAULT"},"hover":{"color":"CT_CSS_SKIP_RULEDEFAULT"}},"pageTitleOverlay":{"background_type":"color","background_pattern":"type-1","background_image":{"attachment_id":null,"x":0,"y":0},"gradient":"linear-gradient(135deg,rgba(6,147,227,1) 0%,rgb(155,81,224) 100%)","background_repeat":"repeat","background_size":"auto","background_attachment":"scroll","patternColor":{"default":{"color":"#e5e7ea"}},"overlayColor":{"default":{"color":"CT_CSS_SKIP_RULE"}},"backgroundColor":{"default":{"color":"CT_CSS_SKIP_RULE"}}},"pageTitleBackground":{"background_type":"color","background_pattern":"type-1","background_image":{"attachment_id":null,"x":0,"y":0},"gradient":"linear-gradient(135deg,rgba(6,147,227,1) 0%,rgb(155,81,224) 100%)","background_repeat":"repeat","background_size":"auto","background_attachment":"scroll","patternColor":{"default":{"color":"#e5e7ea"}},"overlayColor":{"default":{"color":"CT_CSS_SKIP_RULE"}},"backgroundColor":{"default":{"color":"var(--theme-palette-color-6)"}}},"pageTitlePadding":{"top":"50px","bottom":"50px","left":"auto","right":"auto","linked":true},"a0794c1dc283c4ded9a39189a9306047":"","page_structure_type":"default","7471d577b0186ec57603ee093a45bb67":"","content_style_source":"inherit","content_style":"wide","vertical_spacing_source":"custom","content_area_spacing":"none","background":{"background_type":"color","background_pattern":"type-1","background_image":{"attachment_id":null,"x":0,"y":0},"gradient":"linear-gradient(135deg,rgba(6,147,227,1) 0%,rgb(155,81,224) 100%)","background_repeat":"repeat","background_size":"auto","background_attachment":"scroll","patternColor":{"default":{"color":"#e5e7ea"}},"overlayColor":{"default":{"color":"CT_CSS_SKIP_RULE"}},"backgroundColor":{"default":{"color":"CT_CSS_SKIP_RULE"}}},"content_background":{"background_type":"color","background_pattern":"type-1","background_image":{"attachment_id":null,"x":0,"y":0},"gradient":"linear-gradient(135deg,rgba(6,147,227,1) 0%,rgb(155,81,224) 100%)","background_repeat":"repeat","background_size":"auto","background_attachment":"scroll","patternColor":{"default":{"color":"#e5e7ea"}},"overlayColor":{"default":{"color":"CT_CSS_SKIP_RULE"}},"backgroundColor":{"default":{"color":"var(--theme-palette-color-8)"}}},"content_boxed_shadow":{"inherit":false,"blur":18,"spread":-6,"v_offset":12,"h_offset":0,"inset":false,"enable":true,"color":{"color":"rgba(34, 56, 101, 0.04)"}},"content_boxed_border":{"width":1,"style":"none","color":{"color":"rgba(44,62,80,0.2)"}},"content_boxed_radius":{"top":"3px","bottom":"3px","left":"3px","right":"3px","linked":true},"boxed_content_spacing":{"desktop":{"top":"40px","bottom":"40px","left":"40px","right":"40px","linked":true},"tablet":{"top":"35px","bottom":"35px","left":"35px","right":"35px","linked":true},"mobile":{"top":"20px","bottom":"20px","left":"20px","right":"20px","linked":true}},"745dac3c11a60e777d75e63a71e0acf3":"","disable_featured_image":"no","disable_share_box":"no","disable_header":"no","disable_footer":"no","styles_descriptor":{"styles":{"desktop":"","tablet":"","mobile":""},"google_fonts":[],"version":6}},"_links":{"self":[{"href":"https:\/\/oktava.lt\/en\/wp-json\/wp\/v2\/pages\/3190","targetHints":{"allow":["GET"]}}],"collection":[{"href":"https:\/\/oktava.lt\/en\/wp-json\/wp\/v2\/pages"}],"about":[{"href":"https:\/\/oktava.lt\/en\/wp-json\/wp\/v2\/types\/page"}],"author":[{"embeddable":true,"href":"https:\/\/oktava.lt\/en\/wp-json\/wp\/v2\/users\/1"}],"replies":[{"embeddable":true,"href":"https:\/\/oktava.lt\/en\/wp-json\/wp\/v2\/comments?post=3190"}],"version-history":[{"count":12,"href":"https:\/\/oktava.lt\/en\/wp-json\/wp\/v2\/pages\/3190\/revisions"}],"predecessor-version":[{"id":3262,"href":"https:\/\/oktava.lt\/en\/wp-json\/wp\/v2\/pages\/3190\/revisions\/3262"}],"wp:attachment":[{"href":"https:\/\/oktava.lt\/en\/wp-json\/wp\/v2\/media?parent=3190"}],"curies":[{"name":"wp","href":"https:\/\/api.w.org\/{rel}","templated":true}]}}