{"id":1887,"date":"2025-02-05T09:33:00","date_gmt":"2025-02-05T09:33:00","guid":{"rendered":"https:\/\/oktava.lt\/?post_type=product&#038;p=1887"},"modified":"2026-03-04T12:36:44","modified_gmt":"2026-03-04T12:36:44","slug":"taro-archetipu-kodai-metu-kelione","status":"publish","type":"product","link":"https:\/\/oktava.lt\/en\/product\/taro-archetipu-kodai-metu-kelione\/","title":{"rendered":"TAROT ARCHETYPE CODES: THE JOURNEY OF THE YEAR"},"content":{"rendered":"<h3 data-path-to-node=\"3\">Met\u0173 trukm\u0117s transformacin\u0117 kelion\u0117 su Laura Tamo\u0161i\u016bnaite<\/h3>\n<p data-path-to-node=\"4\">\u0160is kursas n\u0117ra tiesiog Taro pamokos. Tai <b data-path-to-node=\"4\" data-index-in-node=\"42\">nuoseklus <\/b><b data-path-to-node=\"4\" data-index-in-node=\"42\">met\u0173 trukm\u0117s procesas<\/b>, kuriame Taro simbolika tampa raktu \u012f tavo vidin\u012f pasaul\u012f, sprendimus ir gyvenimo ciklus.<\/p>\n<p data-path-to-node=\"4\">Mes nustosime \u201eburti\u201c \u2013 mes prad\u0117sime matyti gyvenim\u0105 kaip gyv\u0105, kintant\u012f archetip\u0173 audin\u012f.<\/p>\n<hr data-path-to-node=\"5\" \/>\n<h2 data-path-to-node=\"6\">KURSO STRUKT\u016aRA (12 M\u0116NESI\u0172)<\/h2>\n<p data-path-to-node=\"7\">Mes suk\u016br\u0117me format\u0105, kuris u\u017etikrina gyl\u012f be pervargimo. Kiekviena savait\u0117 skirta vienai archetipinei energijai \u201ei\u0161gyventi\u201c, o kiekvienas m\u0117nuo \u2013 tai patir\u010diai \u012ftvirtinti.<\/p>\n<ul data-path-to-node=\"8\">\n<li>\n<p data-path-to-node=\"8,0,0\"><b data-path-to-node=\"8,0,0\" data-index-in-node=\"0\">Trukm\u0117:<\/b> 12 m\u0117nesi\u0173 nuoseklaus augimo.<\/p>\n<\/li>\n<li>\n<p data-path-to-node=\"8,1,0\"><b data-path-to-node=\"8,1,0\" data-index-in-node=\"0\">Formatas:<\/b> Hibridinis (metodin\u0117 med\u017eiaga + gyvi praktikumai).<\/p>\n<\/li>\n<li>\n<p data-path-to-node=\"8,2,0\"><b data-path-to-node=\"8,2,0\" data-index-in-node=\"0\">Savait\u0117s ritmas:<\/b> Kiekvien\u0105 pirmadien\u012f tau atveriamas naujas <b data-path-to-node=\"8,2,0\" data-index-in-node=\"60\">profesionalus vaizdo \u012fra\u0161as<\/b> (i\u0161 viso 44 temos), skirtas savait\u0117s archetipui. Tu tyrin\u0117ji \u0161i\u0105 energij\u0105 savo tempu.<\/p>\n<\/li>\n<\/ul>\n<p data-path-to-node=\"8,3,0\"><b data-path-to-node=\"8,3,0\" data-index-in-node=\"0\">M\u0117nesio integracija:<\/b> <strong>1-2<\/strong><b data-path-to-node=\"8,3,0\" data-index-in-node=\"21\">\u00a0gyvi Zoom susijungimai per m\u0117nes\u012f<\/b> (i\u0161skyrus atostog\u0173 periodus):<\/p>\n<p><b data-path-to-node=\"6,2,1,1,1,0,0\" data-index-in-node=\"0\">&#8211; Gyvas \u012fvadas ir integracija:<\/b> Gilinam\u0117s \u012f pra\u0117jusio laikotarpio temas, atsakome \u012f klausimus.<\/p>\n<p><b data-path-to-node=\"6,2,1,1,1,1,0\" data-index-in-node=\"0\">&#8211; Praktikumas:<\/b> Kolektyviniai skaitymai, archetipin\u0117 analiz\u0117 ir reali\u0173 situacij\u0173 nagrin\u0117jimas.<\/p>\n<hr data-path-to-node=\"9\" \/>\n<h2 data-path-to-node=\"10\">KAS \u012eEINA \u012e PROGRAM\u0104?<\/h2>\n<ul data-path-to-node=\"11\">\n<li>\n<p data-path-to-node=\"11,0,0\"><b data-path-to-node=\"11,0,0\" data-index-in-node=\"0\">44 profesionaliai parengti vaizdo \u012fra\u0161ai:<\/b> Nuo Did\u017ei\u0173j\u0173 iki Ma\u017e\u0173j\u0173 Arkan\u0173 kod\u0173.<\/p>\n<\/li>\n<li>\n<p data-path-to-node=\"11,1,0\"><b data-path-to-node=\"11,1,0\" data-index-in-node=\"0\">Metinis palyd\u0117jimas:<\/b> Reguliar\u016bs gyvi Zoom susitikimai praktikai ir gyliui.<\/p>\n<\/li>\n<li>\n<p data-path-to-node=\"11,2,0\"><b data-path-to-node=\"11,2,0\" data-index-in-node=\"0\">Savait\u0117s archetipo kelion\u0117:<\/b> Metodin\u0117s gair\u0117s, kaip steb\u0117ti ir integruoti savait\u0117s energij\u0105.<\/p>\n<\/li>\n<li>\n<p data-path-to-node=\"11,3,0\"><b data-path-to-node=\"11,3,0\" data-index-in-node=\"0\">Somatin\u0117s ir meditacin\u0117s praktikos:<\/b> Kad \u017einios nus\u0117st\u0173 ne tik galvoje, bet ir k\u016bne.<\/p>\n<\/li>\n<li>\n<p data-path-to-node=\"11,4,0\"><b data-path-to-node=\"11,4,0\" data-index-in-node=\"0\">U\u017edara bendruomen\u0117:<\/b> Refleksijos ir palaikymas tarp bendramin\u010di\u0173.<\/p>\n<\/li>\n<\/ul>\n<hr data-path-to-node=\"12\" \/>\n<h2 data-path-to-node=\"13\">APIE KURS\u0104<\/h2>\n<p data-path-to-node=\"14\">Taro \u010dia suvokiamas ne kaip prana\u0161yst\u0117s \u012frankis, o kaip <b data-path-to-node=\"14\" data-index-in-node=\"56\">gyva energija<\/b> ir psichologinis \u017eem\u0117lapis. Sujungdami klasikin\u0119 simbolik\u0105, archetipin\u0119 psichologij\u0105 ir k\u016brybin\u012f m\u0105stym\u0105, mes mokom\u0117s:<\/p>\n<ul data-path-to-node=\"15\">\n<li>\n<p data-path-to-node=\"15,0,0\">Atpa\u017einti savo vidinius ciklus ir krizinius laikotarpius.<\/p>\n<\/li>\n<li>\n<p data-path-to-node=\"15,1,0\">Priimti sprendimus ne i\u0161 baim\u0117s, o i\u0161 ai\u0161kumo.<\/p>\n<\/li>\n<li>\n<p data-path-to-node=\"15,2,0\">Skaityti Taro kaip vientis\u0105 proces\u0105, o ne pavienes kortas.<\/p>\n<\/li>\n<li>\n<p data-path-to-node=\"15,3,0\">Kurti gilius, eti\u0161kus ir \u012f\u017evalgius skaitymus sau ir kitiems.<\/p>\n<\/li>\n<\/ul>\n<hr data-path-to-node=\"16\" \/>\n<h2 data-path-to-node=\"17\">KAM SKIRTAS \u0160IS KURSAS?<\/h2>\n<ul data-path-to-node=\"18\">\n<li>\n<p data-path-to-node=\"18,0,0\"><b data-path-to-node=\"18,0,0\" data-index-in-node=\"0\">Pradedantiesiems<\/b>, ie\u0161kantiems tvirto, sistemingo ir gilaus pagrindo.<\/p>\n<\/li>\n<li>\n<p data-path-to-node=\"18,1,0\"><b data-path-to-node=\"18,1,0\" data-index-in-node=\"0\">Praktikuojantiems<\/b>, norintiems per\u017eengti \u201eb\u016brimo\u201c ribas ir integruoti archetipin\u0119 psichologij\u0105 \u012f savo realyb\u0119.<\/p>\n<\/li>\n<li>\n<p data-path-to-node=\"18,2,0\"><b data-path-to-node=\"18,2,0\" data-index-in-node=\"0\">Terapeutams ir fasilitatoriams<\/b>, ie\u0161kantiems naujo \u012frankio darbui su klient\u0173 simboline kalba.<\/p>\n<\/li>\n<li>\n<p data-path-to-node=\"18,3,0\"><b data-path-to-node=\"18,3,0\" data-index-in-node=\"0\">Visiems<\/b>, kuriems Taro yra dvasinio augimo ir s\u0105moningo gyvenimo kelias.<\/p>\n<\/li>\n<\/ul>\n<hr data-path-to-node=\"19\" \/>\n<h2 data-path-to-node=\"20\">KURSO VED\u0116JA: LAURA TAMO\u0160I\u016aNAIT\u0116<\/h2>\n<p data-path-to-node=\"21\">Re\u017eisier\u0117, Taro praktik\u0117 ir archetipini\u0173 sistem\u0173 tyrin\u0117toja. Laura jungia Taro, psichologij\u0105, mitologij\u0105, astrologij\u0105 ir k\u016bno patyrim\u0105 \u012f vientis\u0105 transformacin\u012f proces\u0105. Jos mokymas pasi\u017eymi simboliniu tikslumu, pagarba individualiam procesui ir geb\u0117jimu sud\u0117tingas strukt\u016bras perteikti ai\u0161kiai ir gyvai.<\/p>","protected":false},"excerpt":{"rendered":"<p data-start=\"398\" data-end=\"669\">It is a 12-month deep, personal programme of self-directed and living learning and transformation of consciousness for those who want not only to learn how to read the Tarot, but also to embody the archetypal energies in their lives, to recognise and understand their inner processes, and to go through the conscious initiation of the year.<\/p>\n<p data-start=\"671\" data-end=\"836\">This is not just an information course. It is an archetypal journey through the archetypes of the Tarot as living codes of consciousness, working through the body, the psyche, the imagination, the decisions and the life cycles. The course is led by a film director, Tarot practitioner and researcher of archetypal systems.<\/p>\n<p data-start=\"671\" data-end=\"836\">Start: <strong>25 March 2026\u00a0<\/strong><\/p>","protected":false},"featured_media":3255,"template":"","meta":[],"product_brand":[],"product_cat":[30],"product_tag":[],"class_list":{"0":"post-1887","1":"product","2":"type-product","3":"status-publish","4":"has-post-thumbnail","6":"product_cat-institute","8":"first","9":"instock","10":"sale","11":"virtual","12":"sold-individually","13":"purchasable","14":"product-type-simple"},"_links":{"self":[{"href":"https:\/\/oktava.lt\/en\/wp-json\/wp\/v2\/product\/1887","targetHints":{"allow":["GET"]}}],"collection":[{"href":"https:\/\/oktava.lt\/en\/wp-json\/wp\/v2\/product"}],"about":[{"href":"https:\/\/oktava.lt\/en\/wp-json\/wp\/v2\/types\/product"}],"wp:featuredmedia":[{"embeddable":true,"href":"https:\/\/oktava.lt\/en\/wp-json\/wp\/v2\/media\/3255"}],"wp:attachment":[{"href":"https:\/\/oktava.lt\/en\/wp-json\/wp\/v2\/media?parent=1887"}],"wp:term":[{"taxonomy":"product_brand","embeddable":true,"href":"https:\/\/oktava.lt\/en\/wp-json\/wp\/v2\/product_brand?post=1887"},{"taxonomy":"product_cat","embeddable":true,"href":"https:\/\/oktava.lt\/en\/wp-json\/wp\/v2\/product_cat?post=1887"},{"taxonomy":"product_tag","embeddable":true,"href":"https:\/\/oktava.lt\/en\/wp-json\/wp\/v2\/product_tag?post=1887"}],"curies":[{"name":"wp","href":"https:\/\/api.w.org\/{rel}","templated":true}]}}