{"id":3273,"date":"2026-01-05T20:31:15","date_gmt":"2026-01-05T20:31:15","guid":{"rendered":"https:\/\/oktava.lt\/?post_type=product&#038;p=3273"},"modified":"2026-01-23T14:07:15","modified_gmt":"2026-01-23T14:07:15","slug":"energiju-rastingumas-kodel-archetipai-veikia","status":"publish","type":"product","link":"https:\/\/oktava.lt\/en\/product\/energiju-rastingumas-kodel-archetipai-veikia\/","title":{"rendered":"Energy Literacy: Tarot Archetypes as a Psychological Mirror"},"content":{"rendered":"<h2 style=\"text-align: center;\" data-path-to-node=\"4\">Mano energij\u0173 \u017eem\u0117lapis \u2013 \u012frankis s\u0105moningam gyvenimui<\/h2>\n<p style=\"text-align: center;\" data-path-to-node=\"4\">\u0160iuolaikiniame i\u0161orinio triuk\u0161mo sraute geb\u0117jimas atpa\u017einti savo vidines b\u016bsenas tampa nebe prabanga, o <b data-path-to-node=\"4\" data-index-in-node=\"104\">b\u016btinybe<\/b>. Tai vienintelis tikras kompasas, leid\u017eiantis priimti s\u0105moningus sprendimus.<\/p>\n<p style=\"text-align: center;\" data-path-to-node=\"5\">Mes da\u017enai pastebime pasikartojan\u010dius scenarijus savo santykiuose ar darbe. Tai n\u0117ra atsitiktinumas \u2013 u\u017e j\u0173 slepiasi <b data-path-to-node=\"5\" data-index-in-node=\"117\">archetipai<\/b>: universal\u016bs psichikos ra\u0161tai, u\u017ekoduoti m\u016bs\u0173 pas\u0105mon\u0117je. Energij\u0173 ra\u0161tingumas moko dekoduoti \u0161ias b\u016bsenas ir i\u0161 gyvenimo \u201ekeleivio\u201c tapti tikruoju savo tikrov\u0117s k\u016br\u0117ju.<\/p>\n<p style=\"text-align: center;\" data-path-to-node=\"8\">\u0160is rinkinys yra praktinis \u012frankis, paremtas C. G. Jungo archetip\u0173 samprata ir <b data-path-to-node=\"7,0\" data-index-in-node=\"80\">metodu, kuris padeda per vaizdus pamatyti savo pas\u0105mon\u0119 i\u0161 \u0161alies<\/b>.<\/p>\n<ul style=\"text-align: center;\" data-path-to-node=\"9\">\n<li>\n<p data-path-to-node=\"9,0,0\">Taro Did\u017eiuosius Arkanus naudojame kaip psichologin\u0119 technik\u0105. Kiekviena korta yra vizualus archetipo atvaizdas, leid\u017eiantis pamatyti savo m\u0105stymo \u0161ablonus i\u0161 \u0161alies.<\/p>\n<\/li>\n<li>\n<p data-path-to-node=\"9,1,0\">Atpa\u017eindami kort\u0105, atpa\u017e\u012fstate energij\u0105, kuriame tuo metu veikiate (pvz., <b data-path-to-node=\"9,1,0\" data-index-in-node=\"96\">Kvailys<\/b> \u2013 naujo ciklo rizika, <b data-path-to-node=\"9,1,0\" data-index-in-node=\"126\">Mirtis<\/b> \u2013 transformacija, <b data-path-to-node=\"9,1,0\" data-index-in-node=\"151\">Bok\u0161tas<\/b> \u2013 iliuzij\u0173 gri\u016btis).<\/p>\n<\/li>\n<li>\n<p data-path-to-node=\"9,2,0\">\u00a0Mokom\u0117s jausti, kaip archetipo energija veikia k\u016bn\u0105. Pripa\u017einus, kad tam tikra b\u016bsena (pvz., panika) yra laikinas \u201eBok\u0161to\u201c re\u017eimas, o ne j\u016bs\u0173 tapatyb\u0117, atsiranda galimyb\u0117 s\u0105moningai j\u0105 keisti.<\/p>\n<\/li>\n<\/ul>\n<p style=\"text-align: center;\" data-path-to-node=\"12\">Per daugiau nei 10 met\u0173 darbo su Taro sistema ir istorij\u0173 k\u016brimu ekrane,\u00a0 autor\u0117 Laura Tamo\u0161i\u016bnait\u0117 sujung\u0117 \u0161ias sritis.<\/p>\n<hr data-path-to-node=\"14\" \/>\n<h3 style=\"text-align: center;\" data-path-to-node=\"15\"><b data-path-to-node=\"15\" data-index-in-node=\"0\">The set includes:<\/b><\/h3>\n<p class=\"p2\" style=\"text-align: center;\"><strong>1. Archetip\u0173 savianaliz\u0117s testas (PDF)<\/strong><\/p>\n<p class=\"p2\" style=\"text-align: center;\">Tavo dominuojan\u010dioms energijoms atpa\u017einti.<\/p>\n<p class=\"p2\" style=\"text-align: center;\">Strukt\u016bruotas klausimynas, paremtas C. G. Jungo archetip\u0173 samprata, pad\u0117s identifikuoti, kurie archetipiniai vaidmenys, tiksliau j\u0173 energijos \u0161iuo metu valdo tavo sprendimus, santykius ir k\u016bryb\u0105. Tai laikas, skirtas tavo vidui \u2013 leid\u017eiantis i\u0161traukti \u012f \u0161vies\u0105 tas dalis, kurios kol kas slepiasi \u0161e\u0161\u0117lyje.<\/p>\n<p class=\"p2\" style=\"text-align: center;\"><strong>2. Did\u017ei\u0173j\u0173 Arkan\u0173 energij\u0173 gidas (Cheat Sheet)<\/strong><\/p>\n<p class=\"p2\" style=\"text-align: center;\">Tavo kasdienis palydovas.<\/p>\n<p class=\"p2\" style=\"text-align: center;\">Koncentruotas, prakti\u0161kas Taro energij\u0173 apra\u0161as kiekvienam i\u0161 22 Did\u017ei\u0173j\u0173 Arkan\u0173. Jame rasite:<\/p>\n<p style=\"text-align: center;\">Kiekvieno arkano psichologin\u0119 reik\u0161m\u0119 ir archetipin\u0119 energij\u0105 (pvz., Kvailys &#8211; naujo ciklo ir rizikos energija, Magas &#8211; valios ir kryptingos intencijos energija).<\/p>\n<p style=\"text-align: center;\">Kaip \u0161ios energijos pasirei\u0161kia tavo santykiuose, darbe, sprendimams priimant.<\/p>\n<p style=\"text-align: center;\">Praktinius klausimus refleksijai: kaip atpa\u017einti, kuomet \u0161is archetipas veikia tavo realyb\u0117je.<\/p>\n<p class=\"p2\" style=\"text-align: center;\">Tai n\u0117ra mistin\u0117 interpretacija \u2013 tai ai\u0161ki, logi\u0161kai pagr\u012fsta energij\u0173 b\u016bsen\u0173 anatomija.<\/p>\n<p class=\"p2\" style=\"text-align: center;\"><strong>3. Lauros Tamo\u0161i\u016bnait\u0117s \u012fvadin\u0117 video paskaita<\/strong><\/p>\n<p class=\"p2\" style=\"text-align: center;\">Teorija + praktiktiniai pavyzd\u017eiai<\/p>\n<hr data-path-to-node=\"17\" \/>\n<h3 style=\"text-align: center;\" data-path-to-node=\"18\"><b data-path-to-node=\"18\" data-index-in-node=\"0\">Kaip naudotis \u0161iuo rinkiniu?<\/b><\/h3>\n<p style=\"text-align: center;\" data-path-to-node=\"19,0,0\"><b data-path-to-node=\"19,0,0\" data-index-in-node=\"0\">Atpa\u017eink:<\/b> Atlikite test\u0105 ir su\u017einokite, kas yra j\u016bs\u0173 \u201epagrindiniai veik\u0117jai\u201c\u00a0 dabarties momente.<\/p>\n<p style=\"text-align: center;\" data-path-to-node=\"19,1,0\"><b data-path-to-node=\"19,1,0\" data-index-in-node=\"0\">Suprask:<\/b> Per\u017ei\u016br\u0117kite paskait\u0105, kad suvoktum\u0117te archetip\u0173 mechanizm\u0105.<\/p>\n<p style=\"text-align: center;\" data-path-to-node=\"19,2,0\"><b data-path-to-node=\"19,2,0\" data-index-in-node=\"0\">Steb\u0117k:<\/b> Naudokite \u201eCheat Sheet\u201c gid\u0105 kasdien\u0117se situacijose, kai reikia priimti sprendim\u0105 arba dirbant su Taro.<\/p>\n<p style=\"text-align: center;\" data-path-to-node=\"19,3,0\"><b data-path-to-node=\"19,3,0\" data-index-in-node=\"0\">Koreguok:<\/b> Reflektuokite kas savait\u0119 \u2013 steb\u0117kite, kaip kei\u010diasi j\u016bs\u0173 pasirinkimai supratus vidin\u012f re\u017eim\u0105.<\/p>\n<hr data-path-to-node=\"20\" \/>\n<h3 style=\"text-align: center;\" data-path-to-node=\"21\"><b data-path-to-node=\"21\" data-index-in-node=\"0\">Kam tai skirta?<\/b><\/h3>\n<p style=\"text-align: center;\" data-path-to-node=\"22,0,0\"><b data-path-to-node=\"22,0,0\" data-index-in-node=\"0\">\u017dmon\u0117ms<\/b>, pavargusiems nuo pasikartojan\u010di\u0173 gyvenimo scenarij\u0173.<\/p>\n<p style=\"text-align: center;\" data-path-to-node=\"22,1,0\"><b data-path-to-node=\"7,0\" data-index-in-node=\"0\">S\u0105moningiems k\u016br\u0117jams, siekiantiems vidin\u0117s disciplinos.<\/b> Tiems, kurie nori \u201enulau\u017eti\u201c savo pas\u0105mon\u0117s kodus ir perimti savo sprendim\u0173 valdym\u0105, naudojant patikrintus analitin\u0117s psichologijos modelius.\u201c<\/p>\n<p style=\"text-align: center;\" data-path-to-node=\"22,2,0\"><b data-path-to-node=\"22,2,0\" data-index-in-node=\"0\">Profesionalams (kou\u010deriams, vadovams)<\/b>, norintiems naujo modelio darbui su \u017emoni\u0173 dinamika.<\/p>\n<hr data-path-to-node=\"23\" \/>\n<blockquote data-path-to-node=\"24\"><p>\u201eEnergij\u0173 ra\u0161tingumas \u2013 tai geb\u0117jimas skaityti savo gyvenim\u0105. Kaip re\u017eisier\u0117 \u017einau: \u017emogus, kuris atpa\u017e\u012fsta savo vaidmenis, tampa tikrasis savo tikrov\u0117s k\u016br\u0117jas.\u201c<\/p>\n<p>\u2014 Laura Tamo\u0161i\u016bnait\u0117<\/p><\/blockquote>\n<p data-path-to-node=\"15\"><strong data-start=\"219\" data-end=\"231\">D\u0117mesio:<\/strong> \u0161i prek\u0117 yra <strong data-start=\"245\" data-end=\"274\">negr\u0105\u017einama.<\/strong><\/p>","protected":false},"excerpt":{"rendered":"<p style=\"text-align: center;\" data-path-to-node=\"4\">In today's world, the ability to hear oneself is becoming one of the most important competences. We all carry universal patterns of behaviour - what psychologists call archetypes. They are the natural \"patterns\" of our psyche through which we experience courage, fear, love or transformation. <b data-path-to-node=\"4\" data-index-in-node=\"275\">\"Energy Literacy\"<\/b> - It is an invitation to explore these models more deeply and turn them into conscious tools.<\/p>\n<p style=\"text-align: center;\" data-path-to-node=\"5\">\u00a0It is a system based on C.G. Jung's analytical psychology, using the Major Arcana of the Tarot as a visual map of the 22 inner states. It helps you to see your patterns of thinking and feeling from the outside - as if in a mirror.<\/p>\n<p style=\"text-align: center;\" data-path-to-node=\"7\">It is a practical self-assessment toolkit developed by the Oktava Institute for people who want to understand clearly what inner states are really driving their decisions, rather than plotting the future.<\/p>\n<p style=\"text-align: center;\" data-path-to-node=\"7\"><b data-path-to-node=\"1\" data-index-in-node=\"0\">The set includes:<\/b><\/p>\n<ul style=\"text-align: center;\">\n<li data-path-to-node=\"6,0,0\"><b data-path-to-node=\"6,0,0\" data-index-in-node=\"0\">Archetype Self-Assessment Test (PDF):<\/b> A structured questionnaire to help you identify your dominant energies and bring out the parts in the shadows.<\/li>\n<li data-path-to-node=\"6,1,0\"><b data-path-to-node=\"6,1,0\" data-index-in-node=\"0\">A Cheat Sheet for the Great Arcana Energies:<\/b> A concentrated inventory of 22 psychological states. This is your daily navigation for instant understanding: <i data-path-to-node=\"6,1,0\" data-index-in-node=\"155\">\"What mode am I in now and how does it change my decisions?\"<\/i><\/li>\n<li data-path-to-node=\"6,2,0\"><b data-path-to-node=\"6,2,0\" data-index-in-node=\"0\">Video lecture by Laura Tamo\u0161i\u016bnait\u0117 (60 min.):<\/b> Insights from the director and researcher on how to understand your inner dramas, control your subconscious impulses and start writing your own life script.<\/li>\n<\/ul>\n<p style=\"text-align: center;\">It is an invitation to start successfully mastering the basics of energy literacy that accompany you every day.<\/p>","protected":false},"featured_media":3320,"template":"","meta":[],"product_brand":[],"product_cat":[32],"product_tag":[],"class_list":{"0":"post-3273","1":"product","2":"type-product","3":"status-publish","4":"has-post-thumbnail","6":"product_cat-parduotuve","8":"first","9":"instock","10":"downloadable","11":"shipping-taxable","12":"purchasable","13":"product-type-simple"},"_links":{"self":[{"href":"https:\/\/oktava.lt\/en\/wp-json\/wp\/v2\/product\/3273","targetHints":{"allow":["GET"]}}],"collection":[{"href":"https:\/\/oktava.lt\/en\/wp-json\/wp\/v2\/product"}],"about":[{"href":"https:\/\/oktava.lt\/en\/wp-json\/wp\/v2\/types\/product"}],"wp:featuredmedia":[{"embeddable":true,"href":"https:\/\/oktava.lt\/en\/wp-json\/wp\/v2\/media\/3320"}],"wp:attachment":[{"href":"https:\/\/oktava.lt\/en\/wp-json\/wp\/v2\/media?parent=3273"}],"wp:term":[{"taxonomy":"product_brand","embeddable":true,"href":"https:\/\/oktava.lt\/en\/wp-json\/wp\/v2\/product_brand?post=3273"},{"taxonomy":"product_cat","embeddable":true,"href":"https:\/\/oktava.lt\/en\/wp-json\/wp\/v2\/product_cat?post=3273"},{"taxonomy":"product_tag","embeddable":true,"href":"https:\/\/oktava.lt\/en\/wp-json\/wp\/v2\/product_tag?post=3273"}],"curies":[{"name":"wp","href":"https:\/\/api.w.org\/{rel}","templated":true}]}}